{"id":50,"date":"2017-08-14T12:11:28","date_gmt":"2017-08-14T12:11:28","guid":{"rendered":"http:\/\/demo.acmethemes.com\/medical-circle\/?page_id=182"},"modified":"2024-05-02T04:10:01","modified_gmt":"2024-05-02T02:10:01","slug":"services","status":"publish","type":"page","link":"https:\/\/www.vidaintegralsas.com\/?page_id=50","title":{"rendered":"Services"},"content":{"rendered":"<div id=\"pl-182\" class=\"panel-layout\">\n<div id=\"pg-182-0\" class=\"panel-grid panel-no-style\" data-style=\"{&quot;background_display&quot;:&quot;tile&quot;,&quot;cell_alignment&quot;:&quot;flex-start&quot;}\">\n<div id=\"pgc-182-0-0\" class=\"panel-grid-cell\" data-weight=\"0.5\">\n<div id=\"panel-182-0-0-0\" class=\"so-panel widget widget_text panel-first-child panel-last-child\" data-index=\"0\" data-style=\"{&quot;background_image_attachment&quot;:false,&quot;background_display&quot;:&quot;tile&quot;}\">\n<div class=\"textwidget\">\n<div class=\"entry-content\">\n<p>Motivados por brindar un servicio \u00f3ptimo, eficaz y eficiente y en aras de contribuir a mejorar la salud de la poblaci\u00f3n del municipio de Magangu\u00e8, Vida Integral IPS SAS, ofrece los siguientes servicios:<\/p>\n<ul>\n<li>Consulta medicina General<\/li>\n<li>Odontolog\u00eda General<\/li>\n<li>Laboratorio Cl\u00ednico<\/li>\n<li>Enfermer\u00eda<\/li>\n<li>Programas de promoci\u00f3n y prevenci\u00f3n<\/li>\n<\/ul>\n<\/div>\n<\/div>\n<\/div>\n<\/div>\n<div id=\"pgc-182-0-1\" class=\"panel-grid-cell\" data-weight=\"0.5\">\n<div id=\"panel-182-0-1-0\" class=\"so-panel widget widget_media_image panel-first-child panel-last-child\" data-index=\"1\" data-style=\"{&quot;background_display&quot;:&quot;tile&quot;}\"><img loading=\"lazy\" decoding=\"async\" class=\"image wp-image-114  attachment-full size-full\" style=\"max-width: 100%; height: auto;\" src=\"http:\/\/localhost\/vidaintegral\/wp-content\/uploads\/2017\/08\/doctor-899037_1280.jpg\" sizes=\"auto, (max-width: 1280px) 100vw, 1280px\" srcset=\"http:\/\/localhost\/vidaintegral\/wp-content\/uploads\/2017\/08\/doctor-899037_1280.jpg 1280w, http:\/\/localhost\/vidaintegral\/wp-content\/uploads\/2017\/08\/doctor-899037_1280-300x200.jpg 300w, http:\/\/localhost\/vidaintegral\/wp-content\/uploads\/2017\/08\/doctor-899037_1280-768x512.jpg 768w, http:\/\/localhost\/vidaintegral\/wp-content\/uploads\/2017\/08\/doctor-899037_1280-1024x682.jpg 1024w\" alt=\"\" width=\"1280\" height=\"853\" \/><\/div>\n<\/div>\n<\/div>\n<div id=\"pg-182-1\" class=\"panel-grid panel-no-style\" data-style=\"{&quot;background_display&quot;:&quot;tile&quot;,&quot;cell_alignment&quot;:&quot;flex-start&quot;}\">\n<div id=\"pgc-182-1-0\" class=\"panel-grid-cell\" data-weight=\"1\">\n<div id=\"panel-182-1-0-0\" class=\"so-panel widget widget_medical_circle_about panel-first-child panel-last-child\" data-index=\"2\" data-style=\"{&quot;background_image_attachment&quot;:false,&quot;background_display&quot;:&quot;tile&quot;}\">\n<section id=\"medical_circle_about-3\" class=\"at-widgets acme-abouts \">\n<div class=\"container\">\n<div class=\"row\">\n<div class=\"col-sm-12 col-md-4 column\">\n<div class=\"single-item init-animate\">\n<div class=\"icon\"><a href=\"http:\/\/demo.acmethemes.com\/medical-circle\/247-emergency-service\/\"><br \/>\n<i class=\"fa fa-ambulance\"><\/i><br \/>\n<\/a><\/div>\n<div class=\"content\">\n<h3 class=\"title\"><a title=\"24\/7 Emergency Service\" href=\"http:\/\/demo.acmethemes.com\/medical-circle\/247-emergency-service\/\"><br \/>\n24\/7 Emergency Service <\/a><\/h3>\n<div class=\"details\">\n<p>Ad everti virtute adversarium usu. Errem legere adolescens ut cum. Te quo purto altera, mei nisl causae laboramus no. Te liber graeco quo, nam velit intellegebat an. Vis et sumo temporibus. In ius illud idque nobis. Sed ut equidem omittam. Ius enim nullam insolens ex, munere insolens tractatos vel an, sea iriure virtute adipiscing ex. [\u2026]<\/p>\n<\/div>\n<\/div>\n<\/div>\n<\/div>\n<div class=\"col-sm-12 col-md-4 column\">\n<div class=\"single-item init-animate\">\n<div class=\"icon\"><a href=\"http:\/\/demo.acmethemes.com\/medical-circle\/blood-bank\/\"><br \/>\n<i class=\"fa fa-tint\"><\/i><br \/>\n<\/a><\/div>\n<div class=\"content\">\n<h3 class=\"title\"><a title=\"Blood Bank\" href=\"http:\/\/demo.acmethemes.com\/medical-circle\/blood-bank\/\"><br \/>\nBlood Bank <\/a><\/h3>\n<div class=\"details\">\n<p>Lorem ipsum dolor sit amet, wisi tation libris an per, enim illud laboramus vim et. Ut cum praesent voluptatum. Ad decore constituto incorrupte usu, ludus periculis erroribus id sed, per in munere adipiscing. Et postea graeci indoctum eam, quem docendi antiopam quo et. Est audire legendos concludaturque id, vide vocibus no duo. Bonorum eruditi ei [\u2026]<\/p>\n<\/div>\n<\/div>\n<\/div>\n<\/div>\n<div class=\"col-sm-12 col-md-4 column\">\n<div class=\"single-item init-animate\">\n<div class=\"icon\"><a href=\"http:\/\/demo.acmethemes.com\/medical-circle\/extensive-operation-theater\/\"><br \/>\n<i class=\"fa fa-bed\"><\/i><br \/>\n<\/a><\/div>\n<div class=\"content\">\n<h3 class=\"title\"><a title=\"Extensive Operation Theater\" href=\"http:\/\/demo.acmethemes.com\/medical-circle\/extensive-operation-theater\/\"><br \/>\nExtensive Operation Theater <\/a><\/h3>\n<div class=\"details\">\n<p>Sit nusquam propriae necessitatibus id. Per perpetua dissentiunt in. Veri ipsum ius ea, at quot semper adolescens usu. Diceret democritum sea te. Mucius discere cu mea, ipsum falli omnesque cum ex. Euismod recteque contentiones cu mea, audire adolescens ea est. Alienum appareat his et, mandamus moderatius appellantur vel at. Habemus mentitum legendos cu usu, nam [\u2026]<\/p>\n<\/div>\n<\/div>\n<\/div>\n<\/div>\n<div class=\"clearfix\"><\/div>\n<div class=\"col-sm-12 col-md-4 column\">\n<div class=\"single-item init-animate\">\n<div class=\"icon\"><a href=\"http:\/\/demo.acmethemes.com\/medical-circle\/general-checkup\/\"><br \/>\n<i class=\"fa fa-user-md\"><\/i><br \/>\n<\/a><\/div>\n<div class=\"content\">\n<h3 class=\"title\"><a title=\"General Checkup\" href=\"http:\/\/demo.acmethemes.com\/medical-circle\/general-checkup\/\"><br \/>\nGeneral Checkup <\/a><\/h3>\n<div class=\"details\">\n<p>Lorem ipsum dolor sit amet, paulo equidem eos et, an nostro volutpat duo. Mea cu audire expetendis intellegam. Rebum ornatus feugait in mei, qui eu platonem deseruisse. Iriure assueverit ex est. Vis dolore utamur aliquip eu, esse corpora antiopam id mel. Per audiam perpetua an, dicam possim utamur sed eu, ex vim putent delicata. Exerci [\u2026]<\/p>\n<\/div>\n<\/div>\n<\/div>\n<\/div>\n<div class=\"col-sm-12 col-md-4 column\">\n<div class=\"single-item init-animate\">\n<div class=\"icon\"><a href=\"http:\/\/demo.acmethemes.com\/medical-circle\/indoor-pharmacy\/\"><br \/>\n<i class=\"fa fa-credit-card\"><\/i><br \/>\n<\/a><\/div>\n<div class=\"content\">\n<h3 class=\"title\"><a title=\"Indoor Pharmacy\" href=\"http:\/\/demo.acmethemes.com\/medical-circle\/indoor-pharmacy\/\"><br \/>\nIndoor Pharmacy <\/a><\/h3>\n<div class=\"details\">\n<p>Vix fugit invenire reformidans ei, nec ut eirmod platonem. Eos eius primis comprehensam ea, iuvaret eripuit est at. Dicunt epicuri ancillae ius ex, mei ea dicta detracto. Nemore ancillae neglegentur at est. Eu sumo nibh partem vix. Unum explicari disputationi mei no, stet laboramus voluptatum ius ei, no quando possim eam. Vix at mutat consequat [\u2026]<\/p>\n<\/div>\n<\/div>\n<\/div>\n<\/div>\n<div class=\"col-sm-12 col-md-4 column\">\n<div class=\"single-item init-animate\">\n<div class=\"icon\"><a href=\"http:\/\/demo.acmethemes.com\/medical-circle\/icu-services\/\"><br \/>\n<i class=\"fa fa-user-plus\"><\/i><br \/>\n<\/a><\/div>\n<div class=\"content\">\n<h3 class=\"title\"><a title=\"ICU Services\" href=\"http:\/\/demo.acmethemes.com\/medical-circle\/icu-services\/\"><br \/>\nICU Services <\/a><\/h3>\n<div class=\"details\">\n<p>Lorem ipsum dolor sit amet, per ut nullam posidonium. Eos iudicabit maluisset te, offendit urbanitas dissentiet in nam, quo erat munere complectitur eu. Putant civibus sed ad, tempor nominavi duo ne, ut fabulas vocibus necessitatibus usu. Minim soluta aliquando vel ne, natum omnis tantas no ius, usu simul latine et. Ut habeo ipsum affert vel, [\u2026]<\/p>\n<\/div>\n<\/div>\n<\/div>\n<\/div>\n<div class=\"clearfix\"><\/div>\n<\/div>\n<\/div>\n<\/section>\n<\/div>\n<\/div>\n<\/div>\n<\/div>\n","protected":false},"excerpt":{"rendered":"<p>Motivados por brindar un servicio \u00f3ptimo, eficaz y eficiente y en aras de contribuir a mejorar la salud de la poblaci\u00f3n del municipio de Magangu\u00e8, Vida Integral IPS SAS, ofrece los siguientes servicios: Consulta medicina General Odontolog\u00eda General Laboratorio Cl\u00ednico Enfermer\u00eda Programas de promoci\u00f3n y prevenci\u00f3n 24\/7 Emergency Service Ad everti virtute adversarium usu. Errem&hellip;<\/p>\n","protected":false},"author":1,"featured_media":0,"parent":0,"menu_order":0,"comment_status":"closed","ping_status":"closed","template":"","meta":{"footnotes":""},"class_list":["post-50","page","type-page","status-publish","hentry"],"_links":{"self":[{"href":"https:\/\/www.vidaintegralsas.com\/index.php?rest_route=\/wp\/v2\/pages\/50","targetHints":{"allow":["GET"]}}],"collection":[{"href":"https:\/\/www.vidaintegralsas.com\/index.php?rest_route=\/wp\/v2\/pages"}],"about":[{"href":"https:\/\/www.vidaintegralsas.com\/index.php?rest_route=\/wp\/v2\/types\/page"}],"author":[{"embeddable":true,"href":"https:\/\/www.vidaintegralsas.com\/index.php?rest_route=\/wp\/v2\/users\/1"}],"replies":[{"embeddable":true,"href":"https:\/\/www.vidaintegralsas.com\/index.php?rest_route=%2Fwp%2Fv2%2Fcomments&post=50"}],"version-history":[{"count":3,"href":"https:\/\/www.vidaintegralsas.com\/index.php?rest_route=\/wp\/v2\/pages\/50\/revisions"}],"predecessor-version":[{"id":211,"href":"https:\/\/www.vidaintegralsas.com\/index.php?rest_route=\/wp\/v2\/pages\/50\/revisions\/211"}],"wp:attachment":[{"href":"https:\/\/www.vidaintegralsas.com\/index.php?rest_route=%2Fwp%2Fv2%2Fmedia&parent=50"}],"curies":[{"name":"wp","href":"https:\/\/api.w.org\/{rel}","templated":true}]}}